{"id":2360,"date":"2016-03-27T16:11:42","date_gmt":"2016-03-27T16:11:42","guid":{"rendered":"https:\/\/okthemes.com\/villenoirdarkdemo\/product\/villenoir-riesling-2-2-2\/"},"modified":"2024-04-13T22:36:31","modified_gmt":"2024-04-13T22:36:31","slug":"villenoir-riesling-2-2","status":"publish","type":"product","link":"https:\/\/www.montelium.com\/fr\/product\/villenoir-riesling-2-2\/","title":{"rendered":"Villenoir Riesling"},"content":{"rendered":"<section class=\"wpb-content-wrapper\"><div class=\"vc_row wpb_row vc_row-fluid vc_custom_1636231000384 vc_row-o-equal-height vc_row-o-content-middle vc_row-flex\"><div class=\"wpb_column vc_column_container vc_col-sm-12 vc_col-lg-6 vc_col-md-6 vc_col-has-fill\"><div class=\"vc_column-inner  vc_custom_1636230994456\"><div class=\"wpb_wrapper\">\n\t<div class=\"title-subtitle-box\" style=\" text-align: left;\">\n\t\t<p  style=\"\">Sp\u00e9cifications du vin<\/p>\n\t\t<h1 style=\" font-style: normal;\">Notes de d\u00e9gustation<\/h1>\n\t<\/div> \n\t<div class=\"wpb_text_column wpb_content_element  vc_custom_1460727890422\" >\n\t\t<div class=\"wpb_wrapper\">\n\t\t\t<p>Grenat profond avec une bordure rubis vibrante, doux et velout\u00e9 en bouche avec des saveurs vives de cerise \u00e0 prune. Ce vin est lourd et plein de baies fra\u00eeches et m\u00fbres avec des accents riches et sombres de gru\u00e9 de cacao. Intriguant et d\u00e9licieux. Des ar\u00f4mes de chocolat noir, de prune, de cerise noire, de c\u00e8dre et d&#039;estragon jaillissent du verre.<\/p>\n<p>Un puissant m\u00e9lange parfum\u00e9 de baies, d&#039;herbes fra\u00eeches et de notes torr\u00e9fi\u00e9es avec un peu de min\u00e9ral. Un m\u00e9lange convaincant d\u2019ar\u00f4mes frais et lumineux \u00e0 c\u00f4t\u00e9 de riches et sombres.<\/p>\n\n\t\t<\/div>\n\t<\/div>\n<\/div><\/div><\/div><div class=\"wpb_column vc_column_container vc_col-sm-12 vc_col-lg-6 vc_col-md-6 vc_hidden-sm vc_hidden-xs vc_col-has-fill\"><div class=\"vc_column-inner  vc_custom_1636449066574\"><div class=\"wpb_wrapper\"><style>@media (max-width: 991px) {.spacer-771099839 {height: 0px !important;}}<\/style><style>@media (max-width: 480px) {.spacer-771099839 {height: 0px !important;}}<\/style><div class=\"vc_empty_space spacer-771099839\"   style=\"height: 500px\"><span class=\"vc_empty_space_inner\"><\/span><\/div><\/div><\/div><\/div><\/div><div class=\"vc_row wpb_row vc_row-fluid vc_custom_1636231023148 vc_row-o-equal-height vc_row-o-content-middle vc_row-flex\"><div class=\"wpb_column vc_column_container vc_col-sm-12 vc_col-lg-6 vc_col-md-6 vc_hidden-sm vc_hidden-xs vc_col-has-fill\"><div class=\"vc_column-inner  vc_custom_1636449080888\"><div class=\"wpb_wrapper\"><style>@media (max-width: 991px) {.spacer-55202021 {height: 0px !important;}}<\/style><style>@media (max-width: 480px) {.spacer-55202021 {height: 0px !important;}}<\/style><div class=\"vc_empty_space spacer-55202021\"   style=\"height: 500px\"><span class=\"vc_empty_space_inner\"><\/span><\/div><\/div><\/div><\/div><div class=\"wpb_column vc_column_container vc_col-sm-12 vc_col-lg-6 vc_col-md-6 vc_col-has-fill\"><div class=\"vc_column-inner  vc_custom_1636231018665\"><div class=\"wpb_wrapper\">\n\t<div class=\"title-subtitle-box\" style=\" text-align: left;\">\n\t\t<p  style=\"\">Sp\u00e9cifications du vin<\/p>\n\t\t<h1 style=\" font-style: normal;\">Notes sur les accords mets et vins<\/h1>\n\t<\/div> \n\t<div class=\"wpb_text_column wpb_content_element\" >\n\t\t<div class=\"wpb_wrapper\">\n\t\t\t<p>Un de nos blocs pr\u00e9f\u00e9r\u00e9s du vignoble de Villenoir. Ce bloc tend \u00e0 relever le caract\u00e8re aromatique et \u00e0 adoucir le palais de notre Cabernet Sauvignon. Nous sommes fiers d&#039;offrir ce vin tr\u00e8s limit\u00e9 et s\u00e9lectionn\u00e9 en f\u00fbts sous forme de bloc autonome.<\/p>\n\n\t\t<\/div>\n\t<\/div>\n<\/div><\/div><\/div><\/div><div class=\"vc_row wpb_row vc_row-fluid vc_custom_1636231059071 vc_row-o-equal-height vc_row-o-content-middle vc_row-flex\"><div class=\"wpb_column vc_column_container vc_col-sm-12 vc_col-lg-6 vc_col-md-6 vc_col-has-fill\"><div class=\"vc_column-inner  vc_custom_1636231052207\"><div class=\"wpb_wrapper\">\n\t<div class=\"title-subtitle-box\" style=\" text-align: left;\">\n\t\t<p  style=\"\">Sp\u00e9cifications du vin<\/p>\n\t\t<h1 style=\" font-style: normal;\">Notes du vigneron<\/h1>\n\t<\/div> \n\t<div class=\"wpb_text_column wpb_content_element\" >\n\t\t<div class=\"wpb_wrapper\">\n\t\t\t<p>Grenat profond avec une bordure rubis vibrante, doux et velout\u00e9 en bouche avec des saveurs vives de cerise \u00e0 prune. Ce vin est lourd et plein de baies fra\u00eeches et m\u00fbres avec des accents riches et sombres de gru\u00e9 de cacao. Intriguant et d\u00e9licieux.<\/p>\n<p>Des ar\u00f4mes de chocolat noir, de prune, de cerise noire, de c\u00e8dre et d&#039;estragon jaillissent du verre.<\/p>\n\n\t\t<\/div>\n\t<\/div>\n<\/div><\/div><\/div><div class=\"wpb_column vc_column_container vc_col-sm-12 vc_col-lg-6 vc_col-md-6 vc_hidden-sm vc_hidden-xs vc_col-has-fill\"><div class=\"vc_column-inner  vc_custom_1636449098718\"><div class=\"wpb_wrapper\"><style>@media (max-width: 991px) {.spacer-1551048824 {height: 0px !important;}}<\/style><style>@media (max-width: 480px) {.spacer-1551048824 {height: 0px !important;}}<\/style><div class=\"vc_empty_space spacer-1551048824\"   style=\"height: 500px\"><span class=\"vc_empty_space_inner\"><\/span><\/div><\/div><\/div><\/div><\/div>\n<\/section>","protected":false},"excerpt":{"rendered":"<p>Servi bien frais, notre Cabernet Sauvignon authentique est un vin sec rafra\u00eechissant et d\u00e9licat avec des notes de fraise, d&#039;agrumes et de p\u00eache.<\/p>","protected":false},"featured_media":2558,"comment_status":"open","ping_status":"closed","template":"","meta":{"ub_ctt_via":""},"product_brand":[],"product_cat":[47],"product_tag":[],"class_list":{"0":"post-2360","1":"product","2":"type-product","3":"status-publish","4":"has-post-thumbnail","6":"product_cat-white-wines","8":"first","9":"outofstock","10":"taxable","11":"shipping-taxable","12":"product-type-simple"},"acf":[],"jetpack_sharing_enabled":true,"_links":{"self":[{"href":"https:\/\/www.montelium.com\/fr\/wp-json\/wp\/v2\/product\/2360","targetHints":{"allow":["GET"]}}],"collection":[{"href":"https:\/\/www.montelium.com\/fr\/wp-json\/wp\/v2\/product"}],"about":[{"href":"https:\/\/www.montelium.com\/fr\/wp-json\/wp\/v2\/types\/product"}],"replies":[{"embeddable":true,"href":"https:\/\/www.montelium.com\/fr\/wp-json\/wp\/v2\/comments?post=2360"}],"wp:featuredmedia":[{"embeddable":true,"href":"https:\/\/www.montelium.com\/fr\/wp-json\/wp\/v2\/media\/2558"}],"wp:attachment":[{"href":"https:\/\/www.montelium.com\/fr\/wp-json\/wp\/v2\/media?parent=2360"}],"wp:term":[{"taxonomy":"product_brand","embeddable":true,"href":"https:\/\/www.montelium.com\/fr\/wp-json\/wp\/v2\/product_brand?post=2360"},{"taxonomy":"product_cat","embeddable":true,"href":"https:\/\/www.montelium.com\/fr\/wp-json\/wp\/v2\/product_cat?post=2360"},{"taxonomy":"product_tag","embeddable":true,"href":"https:\/\/www.montelium.com\/fr\/wp-json\/wp\/v2\/product_tag?post=2360"}],"curies":[{"name":"wp","href":"https:\/\/api.w.org\/{rel}","templated":true}]}}