{"id":519,"date":"2016-03-21T13:06:29","date_gmt":"2016-03-21T13:06:29","guid":{"rendered":"https:\/\/okthemes.com\/villenoirdarkdemo\/?page_id=519"},"modified":"2024-04-18T20:11:05","modified_gmt":"2024-04-18T20:11:05","slug":"faq","status":"publish","type":"page","link":"https:\/\/www.montelium.com\/fr\/faq\/","title":{"rendered":"FAQ"},"content":{"rendered":"<section class=\"wpb-content-wrapper\"><div class=\"vc_row wpb_row vc_row-fluid\"><div class=\"wpb_column vc_column_container vc_col-sm-6\"><div class=\"vc_column-inner\"><div class=\"wpb_wrapper\">\n\t<div class=\"title-subtitle-box\" style=\" text-align: left;\">\n\t\t<p  style=\"\">\u00c0 propos<\/p>\n\t\t<h2 style=\" font-style: normal;\">Livraison<\/h2>\n\t<\/div> \n\t<div class=\"wpb_text_column wpb_content_element\" >\n\t\t<div class=\"wpb_wrapper\">\n\t\t\t<p><span style=\"text-decoration: underline;\"><strong>Quel transporteur utilisez-vous pour les livraisons ?<\/strong><\/span><\/p>\n<p>Nous faisons appel \u00e0 des soci\u00e9t\u00e9s de transport sp\u00e9cialis\u00e9es dans le vin pour acheminer toutes nos commandes jusqu&#039;\u00e0 ce que l&#039;envoi arrive \u00e0 destination.<\/p>\n<p><span style=\"text-decoration: underline;\"><strong>Combien de temps prend la livraison?<\/strong><\/span><\/p>\n<p>Les commandes internationales prennent g\u00e9n\u00e9ralement entre 1 et 3 jours ouvrables pour arriver. Une livraison en Espagne prend g\u00e9n\u00e9ralement 1 \u00e0 2 jours ouvrables.<\/p>\n<p><span style=\"text-decoration: underline;\"><strong>Combien co\u00fbte la livraison ?<\/strong><\/span><\/p>\n<p>Vos frais d&#039;exp\u00e9dition seront calcul\u00e9s au moment du paiement. Nous offrons la livraison GRATUITE sur toutes les commandes d&#039;un minimum de 200 Euros\/CHF.<\/p>\n<p><span style=\"text-decoration: underline;\"><strong>Puis-je suivre mon article ?<\/strong><\/span><\/p>\n<p>Oui. Vous recevrez un e-mail de confirmation d\u00e8s que votre commande aura \u00e9t\u00e9 trait\u00e9e. Cet e-mail contiendra \u00e9galement votre num\u00e9ro de suivi.<\/p>\n<p><span style=\"text-decoration: underline;\"><strong>Livrez-vous dans mon pays ?<\/strong><\/span><\/p>\n<p>Nous exp\u00e9dions actuellement vers les pays suivants : Espagne et Suisse.<\/p>\n\n\t\t<\/div>\n\t<\/div>\n\n\t<div class=\"title-subtitle-box\" style=\" text-align: left;\">\n\t\t<p  style=\"\">\u00c0 propos<\/p>\n\t\t<h2 style=\" font-style: normal;\">Paiement<\/h2>\n\t<\/div> \n\t<div class=\"wpb_text_column wpb_content_element\" >\n\t\t<div class=\"wpb_wrapper\">\n\t\t\t<p><span style=\"text-decoration: underline;\"><strong>Quels modes de paiement acceptez-vous ?<\/strong><\/span><\/p>\n<p>Nous acceptons actuellement toutes les cartes de cr\u00e9dit et de d\u00e9bit, y compris Visa et Mastercard, ainsi que les virements bancaires.<\/p>\n<p><span style=\"text-decoration: underline;\"><strong>Quelles devises puis-je utiliser ?<\/strong><\/span><\/p>\n<p>Nous acceptons les paiements en Euros et CHF uniquement.<\/p>\n\n\t\t<\/div>\n\t<\/div>\n<\/div><\/div><\/div><div class=\"wpb_column vc_column_container vc_col-sm-6\"><div class=\"vc_column-inner\"><div class=\"wpb_wrapper\">\n\t<div class=\"title-subtitle-box\" style=\" text-align: left;\">\n\t\t<p  style=\"\">\u00c0 propos<\/p>\n\t\t<h2 style=\" font-style: normal;\">Retour<\/h2>\n\t<\/div> \n\t<div class=\"wpb_text_column wpb_content_element\" >\n\t\t<div class=\"wpb_wrapper\">\n\t\t\t<p><span style=\"text-decoration: underline;\"><strong>Quelle est votre politique de retour en ligne ?<\/strong><\/span><\/p>\n<p>Si vous n&#039;\u00eates pas enti\u00e8rement satisfait de la commande que vous avez re\u00e7ue, vous pouvez nous la retourner dans les 14 jours suivant sa r\u00e9ception, \u00e0 condition qu&#039;elle soit dans son \u00e9tat d&#039;origine revendable.<\/p>\n<p><span style=\"text-decoration: underline;\"><strong>Une fois retourn\u00e9, vous avez le droit de recevoir un \u00e9change ou un remboursement.<\/strong><\/span><\/p>\n<p>Nous ne sommes pas en mesure de rembourser ou d&#039;\u00e9changer les articles qui semblent avoir \u00e9t\u00e9 ouverts ou qui ne sont pas dans leur \u00e9tat d&#039;origine.<\/p>\n<p>Veuillez joindre le formulaire de retour compl\u00e9t\u00e9 \u00e0 vos marchandises et assurez-vous que tous les articles retourn\u00e9s sont bien emball\u00e9s, afin de ne pas \u00eatre endommag\u00e9s par la poste.<\/p>\n<p><span style=\"text-decoration: underline;\"><strong>Comment retourner un article ?<\/strong><\/span><\/p>\n<p>Pour retourner un article vous pouvez simplement nous envoyer un email \u00e0 contact@montelium.com. Nous vous fournirons un Formulaire de Retour \u00e0 remettre \u00e0 notre soci\u00e9t\u00e9 de transport.<\/p>\n<p><span style=\"text-decoration: underline;\"><strong>Qui paie les frais de retour ?<\/strong><\/span><\/p>\n<p>Nous offrons un retour GRATUIT pour toutes les commandes retourn\u00e9es dans les 14 jours suivant leur r\u00e9ception.<\/p>\n<p><span style=\"text-decoration: underline;\"><strong>Pouvez-vous confirmer que vous avez re\u00e7u mon retour ?<\/strong><\/span><\/p>\n<p>Notre objectif est de traiter les retours dans les 2 jours ouvrables suivant leur r\u00e9ception. Vous serez averti par e-mail une fois le processus de retour termin\u00e9.<\/p>\n\n\t\t<\/div>\n\t<\/div>\n<\/div><\/div><\/div><\/div>\n<\/section>","protected":false},"excerpt":{"rendered":"About Delivery What courier do you use for deliveries? We use transport companies specialized in wine to send all of our orders until the shipment arrives to its destination. How<br class=\"read-more-spacer\"> <a class=\"more-link\" href=\"https:\/\/www.montelium.com\/fr\/faq\/\">Read More<\/a>","protected":false},"author":1,"featured_media":0,"parent":0,"menu_order":0,"comment_status":"closed","ping_status":"closed","template":"","meta":{"ub_ctt_via":"","footnotes":""},"class_list":["post-519","page","type-page","status-publish","hentry"],"acf":[],"featured_image_src":null,"jetpack_sharing_enabled":true,"_links":{"self":[{"href":"https:\/\/www.montelium.com\/fr\/wp-json\/wp\/v2\/pages\/519","targetHints":{"allow":["GET"]}}],"collection":[{"href":"https:\/\/www.montelium.com\/fr\/wp-json\/wp\/v2\/pages"}],"about":[{"href":"https:\/\/www.montelium.com\/fr\/wp-json\/wp\/v2\/types\/page"}],"author":[{"embeddable":true,"href":"https:\/\/www.montelium.com\/fr\/wp-json\/wp\/v2\/users\/1"}],"replies":[{"embeddable":true,"href":"https:\/\/www.montelium.com\/fr\/wp-json\/wp\/v2\/comments?post=519"}],"version-history":[{"count":5,"href":"https:\/\/www.montelium.com\/fr\/wp-json\/wp\/v2\/pages\/519\/revisions"}],"predecessor-version":[{"id":3325,"href":"https:\/\/www.montelium.com\/fr\/wp-json\/wp\/v2\/pages\/519\/revisions\/3325"}],"wp:attachment":[{"href":"https:\/\/www.montelium.com\/fr\/wp-json\/wp\/v2\/media?parent=519"}],"curies":[{"name":"wp","href":"https:\/\/api.w.org\/{rel}","templated":true}]}}